{"id":2219,"date":"2020-11-06T23:23:57","date_gmt":"2020-11-06T22:23:57","guid":{"rendered":"https:\/\/buchserhof.ch\/data-protection-policy\/"},"modified":"2020-11-12T11:56:17","modified_gmt":"2020-11-12T10:56:17","slug":"data-protection-policy","status":"publish","type":"page","link":"https:\/\/buchserhof.ch\/en\/data-protection-policy\/","title":{"rendered":"Data Protection Policy"},"content":{"rendered":"\r\n<p><\/p>\r\n<h1 class=\"wp-block-heading\">Data Protection Policy<\/h1>\r\n<h2>I. Name and address of the responsible party and data protection officer<\/h2>\r\n<p>&nbsp;<\/p>\r\n<p><\/p>\r\n<p>Der Verantwortliche im Sinne der Datenschutz-Grundverordnung (DSGVO) ist:<\/p>\r\n<p><strong>Hotel Buchserhof AG<br \/><\/strong>Gr\u00fcnaustrasse 2<br \/>9470 Buchs<br \/>Switzerland<\/p>\r\n<p>Tel.: <a href=\"tel:0041817557070\">+41 81 755 70 70<\/a><br \/>E-mail: <a href=\"mailto:info@buchserhof.ch\">info@buchserhof.ch<\/a> <br \/>Website: <a href=\"https:\/\/www.buchserhof.ch\" target=\"_blank\" rel=\"noopener noreferrer\">www.buchserhof.ch<\/a><\/p>\r\n<p>The data protection officer of Hotel Buchserhof AG can be reached at the aforementioned address (Attn: Mr. M\u00fcller) or at info@buchserhof.ch<\/p>\r\n<p>&nbsp;<\/p>\r\n<p>\r\n\r\n<\/p>\r\n<h2 class=\"wp-block-heading\">II. General information on data processing<\/h2>\r\n<p>&nbsp;<\/p>\r\n<p>\r\n\r\n<\/p>\r\n<h3 class=\"wp-block-heading\">1. Scope of the processing of personal data<\/h3>\r\n<p>Unsere Verarbeitung personenbezogener Daten unserer Nutzer beschr\u00e4nkt sich auf jene Daten, die zur Bereitstellung einer funktionsf\u00e4higen Internetseite sowie unserer Inhalte und Leistungen erforderlich sind. Die Verarbeitung personenbezogener Daten unserer Nutzer erfolgt nur zu den mit ihnen vereinbarten Zwecken oder wenn eine sonstige rechtliche Grundlage (im Sinn der DSGVO) vorliegt. Es werden nur solche personenbezogenen Daten erhoben, die f\u00fcr die Durchf\u00fchrung und Abwicklung unserer Aufgaben und Leistungen tats\u00e4chlich erforderlich sind oder die Sie uns freiwillig zur Verf\u00fcgung gestellt haben.<\/p>\r\n<p>&nbsp;<\/p>\r\n<p>\r\n\r\n\r\n\r\n<\/p>\r\n<h3 class=\"wp-block-heading\">2. Your rights (data subject rights)<\/h3>\r\n<p>&nbsp;<\/p>\r\n<p><\/p>\r\n<p>Sie haben das Recht, Auskunft \u00fcber Ihre von uns verarbeiteten personenbezogenen Daten zu verlangen. Insbesondere k\u00f6nnen Sie Auskunft \u00fcber die Verarbeitungszwecke, die Kategorien der personenbezogenen Daten, die Kategorien von Empf\u00e4ngern, gegen\u00fcber denen Ihre Daten offengelegt wurden oder werden, die geplante Speicherdauer, das Bestehen eines Rechts auf Berichtigung, L\u00f6schung, Einschr\u00e4nkung der Verarbeitung oder Widerspruch, Daten\u00fcbertragung, die Herkunft Ihrer Daten, sofern diese nicht bei uns erhoben wurden, sowie \u00fcber das Bestehen einer automatisierten Entscheidungsfindung einschliesslich Profiling verlangen.<\/p>\r\n<p>You have the right to withdraw your consent to the use of your personal data at any time.<\/p>\r\n<p>If you believe that your data was processed by us in a manner contrary to applicable data protection regulations, you can file a complaint with the data protection authority, provided that this does not result in a disproportionate amount of effort with respect to data transfer.<\/p>\r\n<p>&nbsp;<\/p>\r\n<p>\r\n\r\n\r\n\r\n<\/p>\r\n<h2 class=\"wp-block-heading\"><strong>III. Description and scope of data processing<\/strong><\/h2>\r\n<p>&nbsp;<\/p>\r\n<p>\r\n\r\n<\/p>\r\n<h3 class=\"wp-block-heading\">1. Provision of the website<\/h3>\r\n<p>Auf unserer Webseite wird \u201eGoogle Analytics\u201d, ein Webanalysedienst der Google Inc., 1600 Amphitheatre Parkway, Mountain View, CA 94.043 USA, zur Auswertung der Webseitebenutzung eingesetzt. Google Analytics verwendet Cookies (siehe Pkt. 2.), die auf Ihrem Computer gespeichert werden. Die darin enthaltenen Informationen \u00fcber die Webseite- und Internetnutzung des Besuchers k\u00f6nnen von Google verarbeitet und ausgewertet werden.<\/p>\r\n<p>Die von Google erhobenen Daten werden gegebenenfalls von Google in Staaten ausserhalb der EU und des EWR, insbesondere die USA, \u00fcbermittelt. Google hat sich jedoch dem Privacy Shield Framework unterworfen. N\u00e4here Informationen zu Ihren Rechten daraus finden Sie unter <a href=\"http:\/\/ec.europa.eu\/justice\/data-protection\/document\/citizens-guide_en.pdf\">http:\/\/ec.europa.eu\/justice\/data-protection\/document\/citizens-guide_en.pdf<\/a>.<\/p>\r\n<p>Zus\u00e4tzlich stellen wir sicher, dass Ihre IP-Adresse vor der \u00dcbertragung an Google anonymisiert wird.<\/p>\r\n<p>Rechtsgrundlage f\u00fcr die Verwendung von Google Analytics ist Art. 6 Abs. 1 S. 1 lit. f DSGVO.<\/p>\r\n<p>&nbsp;<\/p>\r\n<p>\r\n\r\n\r\n\r\n<\/p>\r\n<h3 class=\"wp-block-heading\">2. Cookies<\/h3>\r\n<p>&nbsp;<\/p>\r\n<p><\/p>\r\n<p>Wir verwenden auf unserer Webseite Cookies, um damit unser Angebot nutzerfreundlich zu gestalten. Cookies sind kleine Dateien, die Ihr Browser automatisch erstellt und die auf Ihrem Endger\u00e4t (Laptop, Tablet, Smartphone etc.) gespeichert werden, wenn Sie unsere Seite besuchen. Die Cookies bleiben so lange gespeichert, bis Sie diese l\u00f6schen. Dadurch k\u00f6nnen wir Ihren Browser beim n\u00e4chsten Besuch wieder erkennen. Sollten Sie dies nicht w\u00fcnschen, k\u00f6nnen Sie Ihren Browser so einrichten, dass er Sie \u00fcber das Setzen von Cookies informiert und Sie diese im Einzelfall erlauben. Wir weisen Sie allerdings darauf hin, dass eine Deaktivierung dazu f\u00fchrt, dass Sie nicht alle Funktionen unserer Webseite nutzen k\u00f6nnen. Rechtsgrundlage f\u00fcr die durch Cookies verarbeiteten Daten ist Art. 6 Abs. 1 S. 1 lit. f DSGVO. Die Cookies behalten f\u00fcr 7 Tage ihre G\u00fcltigkeit und werden anschliessend durch Ihren Browser gel\u00f6scht.<\/p>\r\n<p>&nbsp;<\/p>\r\n<p>\r\n\r\n<\/p>\r\n<h3>3. Contact form<\/h3>\r\n<p><\/p>\r\n<p>F\u00fcllen Sie ein Kontaktformular aus oder senden Sie uns eine Mail oder eine sonstige elektronische Nachricht, werden Ihre Angaben nur f\u00fcr die Bearbeitung der Anfrage, m\u00f6gliche damit zusammenh\u00e4ngende weitere Fragen, gespeichert und nur im Rahmen der Anfrage verwendet.<\/p>\r\n<p>The legal basis for the processing of your request is Article 6(1)(1)(b) of the Regulation (EU) 2016\/679 of the European Parliament and of the Council of 27 April 2016 on the protection of natural persons with regard to the processing of personal data and on the free movement of such data, and repealing Directive 95\/46\/EC (GDPR; Verordnung (EU) 2016\/679 des Europ\u00e4ischen Parlaments und des Rates vom 27. April 2016 zum Schutz nat\u00fcrlicher Personen bei der Verarbeitung personenbezogener Daten, zum freien Datenverkehr und zur Aufhebung der Richtlinie 95\/46\/EG \u2013 DSGVO).<\/p>\r\n<p>We will delete your e-mail address after processing your request.<\/p>\r\n<h3>4. Dateidownloads<\/h3>\r\n<p>&nbsp;<\/p>\r\n<p><\/p>\r\n<p>Wir verlangen von Ihnen keine pers\u00f6nlichen Angaben, damit sie Dateien von unserer Internetseite herunterladen k\u00f6nnen.<\/p>\r\n<h3>5. Social Plugins<\/h3>\r\n<p>&nbsp;<\/p>\r\n<p><\/p>\r\n<p>Wir verwenden keine Social Plugins auf unserer Webseite. Es gibt lediglich einen Link auf Facebook die direkt auf unsere Seiten bei diesem Netzwerk weitergeleitet werden.<\/p>\r\n<h2>IV. Datensicherheit<\/h2>\r\n<p>&nbsp;<\/p>\r\n<p><\/p>\r\n<p>Wir verwenden innerhalb des Webseite-Besuchs das verbreitete HTTPS-Verfahren in Verbindung mit der jeweils h\u00f6chsten Verschl\u00fcsselungsstufe, die von Ihrem Browser unterst\u00fctzt wird. Ob eine einzelne Seite unseres Internetauftrittes verschl\u00fcsselt \u00fcbertragen wird, erkennen Sie an der geschlossenen Darstellung des Schl\u00fcssel- beziehungsweise Schloss-Symbols in der Adressleiste Ihres Browsers.<\/p>\r\n<p>Dar\u00fcber hinaus wenden wir weitere geeignete technische und organisatorische Sicherheitsmassnahmen an, um Ihre Daten gegen zuf\u00e4llige oder vors\u00e4tzliche Manipulationen, teilweisen oder vollst\u00e4ndigen Verlust, Zerst\u00f6rung oder gegen den unbefugten Zugriff Dritter zu sch\u00fctzen. Unsere Sicherheitsmassnahmen werden entsprechend der technologischen Entwicklung fortlaufend verbessert.<\/p>\r\n<p><\/p>","protected":false},"excerpt":{"rendered":"<p>Data Protection Policy I. Name and address of the responsible party and data protection officer &nbsp; Der Verantwortliche im Sinne der Datenschutz-Grundverordnung (DSGVO) ist: Hotel Buchserhof AGGr\u00fcnaustrasse 29470 BuchsSwitzerland Tel.:&#8230;<\/p>\n","protected":false},"author":1,"featured_media":0,"parent":0,"menu_order":0,"comment_status":"closed","ping_status":"closed","template":"","meta":{"_acf_changed":false,"inline_featured_image":false,"footnotes":""},"class_list":["post-2219","page","type-page","status-publish"],"acf":[],"_links":{"self":[{"href":"https:\/\/buchserhof.ch\/en\/wp-json\/wp\/v2\/pages\/2219","targetHints":{"allow":["GET"]}}],"collection":[{"href":"https:\/\/buchserhof.ch\/en\/wp-json\/wp\/v2\/pages"}],"about":[{"href":"https:\/\/buchserhof.ch\/en\/wp-json\/wp\/v2\/types\/page"}],"author":[{"embeddable":true,"href":"https:\/\/buchserhof.ch\/en\/wp-json\/wp\/v2\/users\/1"}],"replies":[{"embeddable":true,"href":"https:\/\/buchserhof.ch\/en\/wp-json\/wp\/v2\/comments?post=2219"}],"version-history":[{"count":12,"href":"https:\/\/buchserhof.ch\/en\/wp-json\/wp\/v2\/pages\/2219\/revisions"}],"predecessor-version":[{"id":2596,"href":"https:\/\/buchserhof.ch\/en\/wp-json\/wp\/v2\/pages\/2219\/revisions\/2596"}],"wp:attachment":[{"href":"https:\/\/buchserhof.ch\/en\/wp-json\/wp\/v2\/media?parent=2219"}],"curies":[{"name":"wp","href":"https:\/\/api.w.org\/{rel}","templated":true}]}}